{"id":2,"date":"2021-02-19T21:51:52","date_gmt":"2021-02-20T00:51:52","guid":{"rendered":"https:\/\/64byts.com\/?page_id=2"},"modified":"2022-01-21T14:44:28","modified_gmt":"2022-01-21T17:44:28","slug":"pagina-exemplo","status":"publish","type":"page","link":"https:\/\/64byts.com\/?page_id=2","title":{"rendered":"Sobre a 64 Byts"},"content":{"rendered":"<div data-colibri-id=\"2-c1\" class=\"style-685 style-local-2-c1 position-relative\">\r\n  <!---->\r\n  <div data-colibri-component=\"section\" data-colibri-id=\"2-c2\" id=\"about\" class=\"h-section h-section-global-spacing d-flex align-items-lg-center align-items-md-center align-items-center style-690 style-local-2-c2 position-relative\">\r\n    <!---->\r\n    <!---->\r\n    <div class=\"h-section-grid-container h-section-boxed-container\">\r\n      <!---->\r\n      <div data-colibri-id=\"2-c3\" class=\"h-row-container gutters-row-lg-0 gutters-row-md-0 gutters-row-0 gutters-row-v-lg-0 gutters-row-v-md-0 gutters-row-v-0 style-691 style-local-2-c3 position-relative\">\r\n        <!---->\r\n        <div class=\"h-row justify-content-lg-center justify-content-md-center justify-content-center align-items-lg-stretch align-items-md-stretch align-items-stretch gutters-col-lg-0 gutters-col-md-0 gutters-col-0 gutters-col-v-lg-0 gutters-col-v-md-0 gutters-col-v-0\">\r\n          <!---->\r\n          <div class=\"h-column h-column-container d-flex h-col-lg-auto h-col-md-auto h-col-auto style-692-outer style-local-2-c4-outer\">\r\n            <div data-colibri-id=\"2-c4\" class=\"d-flex h-flex-basis h-column__inner h-px-lg-0 h-px-md-0 h-px-0 v-inner-lg-0 v-inner-md-0 v-inner-0 style-692 style-local-2-c4 position-relative\">\r\n              <!---->\r\n              <!---->\r\n              <div class=\"w-100 h-y-container h-column__content h-column__v-align flex-basis-100 align-self-lg-start align-self-md-start align-self-start\">\r\n                <!---->\r\n                <div data-colibri-id=\"2-c5\" class=\"h-global-transition-all h-heading style-693 style-local-2-c5 position-relative h-element\">\r\n                  <!---->\r\n                  <div class=\"h-heading__outer style-693 style-local-2-c5\">\r\n                    <!---->\r\n                    <!---->\r\n                    <h5 class=\"\">Sobre.<\/h5>\r\n                  <\/div>\r\n                <\/div>\r\n                <div data-colibri-id=\"2-c6\" class=\"h-global-transition-all h-heading style-694 style-local-2-c6 position-relative h-element\">\r\n                  <!---->\r\n                  <div class=\"h-heading__outer style-694 style-local-2-c6\">\r\n                    <!---->\r\n                    <!---->\r\n                    <h2 class=\"\">64 Byts, a empresa de tecnologia mais exclusiva do Brasil.<\/h2>\r\n                  <\/div>\r\n                <\/div>\r\n                <div data-colibri-id=\"2-c7\" class=\"h-text h-text-component style-695 style-local-2-c7 position-relative h-element\">\r\n                  <!---->\r\n                  <!---->\r\n                  <div class=\"\">\r\n                    <p>Vamos muito al\u00e9m do tradicional a 64 Bits \u00e9 uma empresa de engenharia voltada a solu\u00e7\u00f5es de sistema, hardware ou plantas completas de automa\u00e7\u00e3o totalmente \u00fanicas e desenhadas sob medida para a sua organiza\u00e7\u00e3o, aqui voc\u00ea n\u00e3o encontra\r\n                      solu\u00e7\u00f5es de gaveta, voc\u00ea encontra solu\u00e7\u00f5es tecnol\u00f3gicas de alta performance feita sob medida ao cliente final.<\/p>\r\n                  <\/div>\r\n                <\/div>\r\n              <\/div>\r\n            <\/div>\r\n          <\/div>\r\n          <div class=\"h-column h-column-container d-flex h-col-lg-auto h-col-md-auto h-col-auto style-696-outer style-local-2-c8-outer\">\r\n            <div data-colibri-id=\"2-c8\" class=\"d-flex h-flex-basis h-column__inner h-ui-empty-state-container h-px-lg-2 h-px-md-2 h-px-2 v-inner-lg-2 v-inner-md-2 v-inner-2 style-696 style-local-2-c8 position-relative\">\r\n              <!---->\r\n              <!---->\r\n              <div class=\"w-100 h-y-container h-column__content h-column__v-align flex-basis-100\">\r\n                <!---->\r\n              <\/div>\r\n            <\/div>\r\n          <\/div>\r\n        <\/div>\r\n      <\/div>\r\n    <\/div>\r\n  <\/div>\r\n<\/div>","protected":false},"excerpt":{"rendered":"<p>Sobre. 64 Byts, a empresa de tecnologia mais exclusiva do Brasil. Vamos muito al\u00e9m do tradicional a 64 Bits \u00e9 uma empresa de engenharia voltada a solu\u00e7\u00f5es de sistema, hardware ou plantas completas de automa\u00e7\u00e3o totalmente \u00fanicas e desenhadas sob medida para a sua organiza\u00e7\u00e3o, aqui voc\u00ea n\u00e3o encontra solu\u00e7\u00f5es de gaveta, voc\u00ea encontra solu\u00e7\u00f5es [&hellip;]<\/p>\n","protected":false},"author":1,"featured_media":0,"parent":0,"menu_order":0,"comment_status":"closed","ping_status":"open","template":"page-templates\/full-width-page.php","meta":{"footnotes":""},"class_list":["post-2","page","type-page","status-publish","hentry"],"_links":{"self":[{"href":"https:\/\/64byts.com\/index.php?rest_route=\/wp\/v2\/pages\/2","targetHints":{"allow":["GET"]}}],"collection":[{"href":"https:\/\/64byts.com\/index.php?rest_route=\/wp\/v2\/pages"}],"about":[{"href":"https:\/\/64byts.com\/index.php?rest_route=\/wp\/v2\/types\/page"}],"author":[{"embeddable":true,"href":"https:\/\/64byts.com\/index.php?rest_route=\/wp\/v2\/users\/1"}],"replies":[{"embeddable":true,"href":"https:\/\/64byts.com\/index.php?rest_route=%2Fwp%2Fv2%2Fcomments&post=2"}],"version-history":[{"count":10,"href":"https:\/\/64byts.com\/index.php?rest_route=\/wp\/v2\/pages\/2\/revisions"}],"predecessor-version":[{"id":3316,"href":"https:\/\/64byts.com\/index.php?rest_route=\/wp\/v2\/pages\/2\/revisions\/3316"}],"wp:attachment":[{"href":"https:\/\/64byts.com\/index.php?rest_route=%2Fwp%2Fv2%2Fmedia&parent=2"}],"curies":[{"name":"wp","href":"https:\/\/api.w.org\/{rel}","templated":true}]}}